{"id":57,"date":"2017-07-25T10:58:00","date_gmt":"2017-07-25T08:58:00","guid":{"rendered":"http:\/\/etoile-filante.biz\/?page_id=57"},"modified":"2018-03-20T14:23:26","modified_gmt":"2018-03-20T13:23:26","slug":"accueil","status":"publish","type":"page","link":"https:\/\/etoile-filante.biz\/","title":{"rendered":"ACCUEIL"},"content":{"rendered":"<div class=\"pbs-main-wrapper\"><hr>\n<div class=\"pbs-row\" style=\"min-height: 200px;\">\n<div class=\"pbs-col\" style=\"flex-basis: 33.33%; justify-content: center;\">\n<p><img loading=\"lazy\" alt class=\"aligncenter size-medium wp-image-82\" height=\"225\" src=\"http:\/\/etoile-filante.biz\/wp-content\/uploads\/2017\/07\/IMG_2331-300x225.jpg\" width=\"300\" srcset=\"https:\/\/etoile-filante.biz\/wp-content\/uploads\/2017\/07\/IMG_2331-300x225.jpg 300w, https:\/\/etoile-filante.biz\/wp-content\/uploads\/2017\/07\/IMG_2331-768x575.jpg 768w, https:\/\/etoile-filante.biz\/wp-content\/uploads\/2017\/07\/IMG_2331-1024x767.jpg 1024w\" sizes=\"(max-width: 300px) 100vw, 300px\" \/><\/p>\n<\/div>\n<div class=\"pbs-col\" style=\"flex-basis: 33.33%; justify-content: center;\">\n<p>Chers famille, amis, connaissances et int\u00e9ress\u00e9s, ce site relate notre voyage en mer d\u00e8s le printemps 2018.<\/p>\n<p>Il vous permets de suivre nos r\u00e9cits, photos et films de notre p\u00e9riple en m\u00e9diterran\u00e9e et peut-\u00eatre m\u00eame ailleurs.<\/p>\n<p>Vous pourrez aussi voir la position exacte du bateau sur une carte.<\/p>\n<\/div>\n<div class=\"pbs-col\" style=\"flex-basis: 33.33%; justify-content: center;\">\n<p><img loading=\"lazy\" alt class=\"aligncenter size-medium wp-image-83\" height=\"225\" src=\"http:\/\/etoile-filante.biz\/wp-content\/uploads\/2017\/07\/IMG_7394-300x225.jpg\" width=\"300\" srcset=\"https:\/\/etoile-filante.biz\/wp-content\/uploads\/2017\/07\/IMG_7394-300x225.jpg 300w, https:\/\/etoile-filante.biz\/wp-content\/uploads\/2017\/07\/IMG_7394-768x576.jpg 768w, https:\/\/etoile-filante.biz\/wp-content\/uploads\/2017\/07\/IMG_7394-1024x768.jpg 1024w, https:\/\/etoile-filante.biz\/wp-content\/uploads\/2017\/07\/IMG_7394.jpg 2048w\" sizes=\"(max-width: 300px) 100vw, 300px\" \/><\/p>\n<\/div>\n<\/div>\n<hr>\n<div data-ce-tag=\"html\" data-html=\"PGEgaHJlZj0iaHR0cDovL3d3dy5tb24tY29tcHRldXIuZnIiPjxpbWcgc3JjPSJodHRwOi8vd3d3Lm1vbi1jb21wdGV1ci5mci9odG1sX2MwMWdlbnYyLTIwOTgzNy0yIiBib3JkZXI9IjAiPjwvYT4=\"><a href=\"http:\/\/www.mon-compteur.fr\"><img src=\"http:\/\/www.mon-compteur.fr\/html_c01genv2-209837-2\" border=\"0\"><\/a><\/div>\n<\/div>","protected":false},"excerpt":{"rendered":"<p>Chers famille, amis, connaissances et int\u00e9ress\u00e9s, ce site relate notre voyage en mer d\u00e8s le printemps 2018. Il vous permets de suivre nos r\u00e9cits, photos et films de notre p\u00e9riple en m\u00e9diterran\u00e9e et peut-\u00eatre m\u00eame ailleurs. Vous pourrez aussi voir la position exacte du bateau sur une carte.<\/p>\n","protected":false},"author":1,"featured_media":0,"parent":0,"menu_order":1,"comment_status":"closed","ping_status":"closed","template":"","meta":[],"_links":{"self":[{"href":"https:\/\/etoile-filante.biz\/index.php?rest_route=\/wp\/v2\/pages\/57"}],"collection":[{"href":"https:\/\/etoile-filante.biz\/index.php?rest_route=\/wp\/v2\/pages"}],"about":[{"href":"https:\/\/etoile-filante.biz\/index.php?rest_route=\/wp\/v2\/types\/page"}],"author":[{"embeddable":true,"href":"https:\/\/etoile-filante.biz\/index.php?rest_route=\/wp\/v2\/users\/1"}],"replies":[{"embeddable":true,"href":"https:\/\/etoile-filante.biz\/index.php?rest_route=%2Fwp%2Fv2%2Fcomments&post=57"}],"version-history":[{"count":14,"href":"https:\/\/etoile-filante.biz\/index.php?rest_route=\/wp\/v2\/pages\/57\/revisions"}],"predecessor-version":[{"id":361,"href":"https:\/\/etoile-filante.biz\/index.php?rest_route=\/wp\/v2\/pages\/57\/revisions\/361"}],"wp:attachment":[{"href":"https:\/\/etoile-filante.biz\/index.php?rest_route=%2Fwp%2Fv2%2Fmedia&parent=57"}],"curies":[{"name":"wp","href":"https:\/\/api.w.org\/{rel}","templated":true}]}}