{"id":23,"date":"2017-07-25T10:14:37","date_gmt":"2017-07-25T08:14:37","guid":{"rendered":"http:\/\/etoile-filante.biz\/?page_id=23"},"modified":"2019-07-24T11:42:21","modified_gmt":"2019-07-24T09:42:21","slug":"a-propos","status":"publish","type":"page","link":"https:\/\/etoile-filante.biz\/?page_id=23","title":{"rendered":"A PROPOS DE NOUS"},"content":{"rendered":"<div class=\"pbs-main-wrapper\"><p style=\"text-align: center;\">LES CAPITAINES<\/p>\n<div class=\"pbs-row\" style=\"min-height: 452px; margin-bottom: 5px;\">\n<div class=\"pbs-col\" style=\"flex-basis: 33.33%; justify-content: center; padding-top: 43px;\">\n<p style=\"text-align: center;\"><span style=\"font-weight: bold;\">Stella -1962 \u2013 Audioproth\u00e9siste<\/span><\/p>\n<hr \/>\n<p><img loading=\"lazy\" class=\"aligncenter wp-image-66 size-medium\" style=\"border-radius: 20px;\" src=\"http:\/\/etoile-filante.biz\/wp-content\/uploads\/2017\/07\/18740511_1412258825502433_4652483153283002970_n-239x300.jpg\" width=\"239\" height=\"300\" srcset=\"https:\/\/etoile-filante.biz\/wp-content\/uploads\/2017\/07\/18740511_1412258825502433_4652483153283002970_n-239x300.jpg 239w, https:\/\/etoile-filante.biz\/wp-content\/uploads\/2017\/07\/18740511_1412258825502433_4652483153283002970_n.jpg 280w\" sizes=\"(max-width: 239px) 100vw, 239px\" \/><\/p>\n<p style=\"text-align: center;\">1980<\/p>\n<hr style=\"margin-top: 0px;\" \/>\n<p style=\"text-align: justify;\">Rencontre en 1980 \u00e0 Neuch\u00e2tel pour une voyage en moto en Camargue, nous ne nous sommes plus quitt\u00e9s depuis. \u00a0Au d\u00e9but, moto et voile f\u00fbt notre passion mais avec l\u2019arriv\u00e9e de nos deux fils Michael et Christophe la moto f\u00fbt abandonn\u00e9e et l\u2019activit\u00e9 nautique sur le lac de Neuch\u00e2tel intensifi\u00e9e. Nous avons navigu\u00e9s en Vaurien, puis en Benetau Baroudeur MK2, ensuite un Kiri\u00e9 Feeling 326 jusqu\u2019\u00e0 l\u2019acquisition en 1995 de notre Hunter Legend 40.5.\u00a0En 2005 en vue d\u2019un d\u00e9part futur en mer nous avons d\u00e9cid\u00e9 d\u2019habiter 1 ann\u00e9e sur l\u2019\u00e9toile-filante \u00e0 titre d\u2019essai.\u00a0Tout le mat\u00e9riel n\u00e9cessaire au confort tel que le lave-linge, chauffage, etc\u2026 a \u00e9t\u00e9 install\u00e9.<\/p>\n<\/div>\n<div class=\"pbs-col\" style=\"flex-basis: 33.33%; justify-content: center;\">\n<p style=\"text-align: center;\"><span style=\"font-weight: bold;\">Dany (dit Papy) \u2013 1960 \u2013 m\u00e9canicien-\u00e9lectronicien<\/span><\/p>\n<hr \/>\n<p><img loading=\"lazy\" class=\"aligncenter size-medium wp-image-79\" style=\"border-radius: 21px;\" src=\"http:\/\/etoile-filante.biz\/wp-content\/uploads\/2017\/07\/IMG_1226-1-221x300.jpg\" alt=\"\" width=\"221\" height=\"300\" srcset=\"https:\/\/etoile-filante.biz\/wp-content\/uploads\/2017\/07\/IMG_1226-1-221x300.jpg 221w, https:\/\/etoile-filante.biz\/wp-content\/uploads\/2017\/07\/IMG_1226-1-768x1042.jpg 768w, https:\/\/etoile-filante.biz\/wp-content\/uploads\/2017\/07\/IMG_1226-1-755x1024.jpg 755w, https:\/\/etoile-filante.biz\/wp-content\/uploads\/2017\/07\/IMG_1226-1.jpg 1825w\" sizes=\"(max-width: 221px) 100vw, 221px\" \/><\/p>\n<p style=\"text-align: center;\">2017<\/p>\n<hr style=\"margin-top: 0px;\" \/>\n<p style=\"text-align: justify;\">En fin de compte l\u2019ann\u00e9e de test s\u2019est allong\u00e9e en 9 ann\u00e9es et de ce fait, nous avions liquid\u00e9 tous nos biens terrestres et avons fait notre permis mer. En 2014 nous en avions assez de passer la mauvaise saison sur le bateau et avons repris un petit appartement pour passer l\u2019hiver. Soit 8 mois sur le bateau \u00a0et 4 mois sur la terre ferme. Depuis l\u2019id\u00e9e de d\u00e9part en mer prend forme et au printemps 2018, l\u2019arr\u00eat des activit\u00e9s professionnelles et le transport de l\u2019\u00e9toile-filante en m\u00e9diterran\u00e9e est planifi\u00e9. En avril 2018 notre r\u00eave se r\u00e9alise enfin et&#8230;&#8230;&#8230;. la suite se trouve sur ce site !<\/p>\n<\/div>\n<\/div>\n<\/div>","protected":false},"excerpt":{"rendered":"<p>LES CAPITAINES Stella -1962 \u2013 Audioproth\u00e9siste 1980 Rencontre en 1980 \u00e0 Neuch\u00e2tel pour une voyage en moto en Camargue, nous ne nous sommes plus quitt\u00e9s depuis. \u00a0Au d\u00e9but, moto et voile f\u00fbt notre passion mais avec l\u2019arriv\u00e9e de nos deux fils Michael et Christophe la moto f\u00fbt abandonn\u00e9e et l\u2019activit\u00e9 nautique sur le lac de &hellip; <\/p>\n","protected":false},"author":1,"featured_media":0,"parent":0,"menu_order":3,"comment_status":"closed","ping_status":"closed","template":"","meta":[],"_links":{"self":[{"href":"https:\/\/etoile-filante.biz\/index.php?rest_route=\/wp\/v2\/pages\/23"}],"collection":[{"href":"https:\/\/etoile-filante.biz\/index.php?rest_route=\/wp\/v2\/pages"}],"about":[{"href":"https:\/\/etoile-filante.biz\/index.php?rest_route=\/wp\/v2\/types\/page"}],"author":[{"embeddable":true,"href":"https:\/\/etoile-filante.biz\/index.php?rest_route=\/wp\/v2\/users\/1"}],"replies":[{"embeddable":true,"href":"https:\/\/etoile-filante.biz\/index.php?rest_route=%2Fwp%2Fv2%2Fcomments&post=23"}],"version-history":[{"count":11,"href":"https:\/\/etoile-filante.biz\/index.php?rest_route=\/wp\/v2\/pages\/23\/revisions"}],"predecessor-version":[{"id":411,"href":"https:\/\/etoile-filante.biz\/index.php?rest_route=\/wp\/v2\/pages\/23\/revisions\/411"}],"wp:attachment":[{"href":"https:\/\/etoile-filante.biz\/index.php?rest_route=%2Fwp%2Fv2%2Fmedia&parent=23"}],"curies":[{"name":"wp","href":"https:\/\/api.w.org\/{rel}","templated":true}]}}